{"id":3155,"date":"2021-05-03T13:13:52","date_gmt":"2021-05-03T12:13:52","guid":{"rendered":"https:\/\/giteenfinistere.com\/?page_id=3155"},"modified":"2021-05-03T13:54:42","modified_gmt":"2021-05-03T12:54:42","slug":"vacation-in-brittany-with-sandpiper-by-the-sea","status":"publish","type":"page","link":"https:\/\/giteenfinistere.com\/fr\/vacation-in-brittany-with-sandpiper-by-the-sea\/","title":{"rendered":"SURE NOUR"},"content":{"rendered":"<div data-elementor-type=\"wp-page\" data-elementor-id=\"3155\" class=\"elementor elementor-3155\">\n\t\t\t\t\t\t<section class=\"elementor-section elementor-top-section elementor-element elementor-element-9833b03 elementor-section-boxed elementor-section-height-default elementor-section-height-default\" data-id=\"9833b03\" data-element_type=\"section\" data-e-type=\"section\">\n\t\t\t\t\t\t<div class=\"elementor-container elementor-column-gap-default\">\n\t\t\t\t\t<div class=\"elementor-column elementor-col-50 elementor-top-column elementor-element elementor-element-bd10355\" data-id=\"bd10355\" data-element_type=\"column\" data-e-type=\"column\">\n\t\t\t<div class=\"elementor-widget-wrap elementor-element-populated\">\n\t\t\t\t\t\t<div class=\"elementor-element elementor-element-9c129aa elementor-widget elementor-widget-image\" data-id=\"9c129aa\" data-element_type=\"widget\" data-e-type=\"widget\" data-widget_type=\"image.default\">\n\t\t\t\t<div class=\"elementor-widget-container\">\n\t\t\t\t\t\t\t\t\t\t\t\t<figure class=\"wp-caption\">\n\t\t\t\t\t\t\t\t\t\t<img data-recalc-dims=\"1\" decoding=\"async\" src=\"https:\/\/i0.wp.com\/giteenfinistere.com\/wp-content\/uploads\/2018\/10\/Michael-David-Vasco-on-the-rocks.jpg?w=740&#038;ssl=1\" title=\"Michael, David &amp; Vasco sur les rochers\" alt=\"Sundowner sur les rochers\" loading=\"lazy\" \/>\t\t\t\t\t\t\t\t\t\t\t<figcaption class=\"widget-image-caption wp-caption-text\">Sundowner sur les rochers<\/figcaption>\n\t\t\t\t\t\t\t\t\t\t<\/figure>\n\t\t\t\t\t\t\t\t\t<\/div>\n\t\t\t\t<\/div>\n\t\t\t\t\t<\/div>\n\t\t<\/div>\n\t\t\t\t<div class=\"elementor-column elementor-col-50 elementor-top-column elementor-element elementor-element-0f13dbd\" data-id=\"0f13dbd\" data-element_type=\"column\" data-e-type=\"column\">\n\t\t\t<div class=\"elementor-widget-wrap elementor-element-populated\">\n\t\t\t\t\t\t<div class=\"elementor-element elementor-element-7ff2308 elementor-widget elementor-widget-heading\" data-id=\"7ff2308\" data-element_type=\"widget\" data-e-type=\"widget\" data-widget_type=\"heading.default\">\n\t\t\t\t<div class=\"elementor-widget-container\">\n\t\t\t\t\t<h3 class=\"elementor-heading-title elementor-size-small\">Sandpiper Cottage <\/h3>\t\t\t\t<\/div>\n\t\t\t\t<\/div>\n\t\t\t\t<div class=\"elementor-element elementor-element-44d1203 elementor-widget elementor-widget-text-editor\" data-id=\"44d1203\" data-element_type=\"widget\" data-e-type=\"widget\" data-widget_type=\"text-editor.default\">\n\t\t\t\t<div class=\"elementor-widget-container\">\n\t\t\t\t\t\t\t\t\t<p>\u2026 Est un r\u00eave devenu r\u00e9alit\u00e9 pour nous et une \u00e9vasion parfaite de nos vies tr\u00e9pidantes en ville. Con\u00e7u comme une maison de vacances \/ retraite pour nous, il a \u00e9galement \u00e9t\u00e9 pr\u00e9vu depuis le d\u00e9but pour \u00eatre partag\u00e9 avec des personnes partageant les m\u00eames id\u00e9es. En tant que francophiles de longue date, nous avons parcouru le pays pendant 20 ans, pour trouver le partenaire parfait. Avec la vari\u00e9t\u00e9 et la qualit\u00e9 des produits de la mer locaux, la convivialit\u00e9 des Bretons, le cadre exceptionnel et le sentiment d&#039;isolement au bout du continent, Plouguerneau et Sandpiper Cottage by the Sea ont fait mouche!<\/p><p>David et Michael<\/p>\t\t\t\t\t\t\t\t<\/div>\n\t\t\t\t<\/div>\n\t\t\t\t\t<\/div>\n\t\t<\/div>\n\t\t\t\t\t<\/div>\n\t\t<\/section>\n\t\t\t\t<section class=\"elementor-section elementor-top-section elementor-element elementor-element-eeffb90 elementor-section-boxed elementor-section-height-default elementor-section-height-default\" data-id=\"eeffb90\" data-element_type=\"section\" data-e-type=\"section\">\n\t\t\t\t\t\t<div class=\"elementor-container elementor-column-gap-default\">\n\t\t\t\t\t<div class=\"elementor-column elementor-col-100 elementor-top-column elementor-element elementor-element-6916b8f\" data-id=\"6916b8f\" data-element_type=\"column\" data-e-type=\"column\">\n\t\t\t<div class=\"elementor-widget-wrap elementor-element-populated\">\n\t\t\t\t\t\t<div class=\"elementor-element elementor-element-dd4a616 elementor-align-center elementor-widget elementor-widget-button\" data-id=\"dd4a616\" data-element_type=\"widget\" data-e-type=\"widget\" data-widget_type=\"button.default\">\n\t\t\t\t<div class=\"elementor-widget-container\">\n\t\t\t\t\t\t\t\t\t<div class=\"elementor-button-wrapper\">\n\t\t\t\t\t<a class=\"elementor-button elementor-button-link elementor-size-lg\" href=\"https:\/\/giteenfinistere.com\/fr\/\">\n\t\t\t\t\t\t<span class=\"elementor-button-content-wrapper\">\n\t\t\t\t\t\t\t\t\t<span class=\"elementor-button-text\">Cliquez ici pour notre page d&#039;accueil<\/span>\n\t\t\t\t\t<\/span>\n\t\t\t\t\t<\/a>\n\t\t\t\t<\/div>\n\t\t\t\t\t\t\t\t<\/div>\n\t\t\t\t<\/div>\n\t\t\t\t\t<\/div>\n\t\t<\/div>\n\t\t\t\t\t<\/div>\n\t\t<\/section>\n\t\t\t\t<\/div>","protected":false},"excerpt":{"rendered":"<p>Sundowner on the rocks Sandpiper Cottage\u2026 est un r\u00eave devenu r\u00e9alit\u00e9 pour nous et l&#039;\u00e9vasion parfaite de notre vie tr\u00e9pidante en ville. Con\u00e7u comme une maison de vacances\/de retraite pour nous, il a \u00e9galement, d\u00e8s le d\u00e9but, \u00e9t\u00e9 pr\u00e9vu pour \u00eatre partag\u00e9 avec des personnes partageant les m\u00eames id\u00e9es. Francophiles de longue date, nous avons parcouru le pays pendant 20\u2026<\/p>\n<a class=\"read-more-link\" href=\" https:\/\/giteenfinistere.com\/fr\/vacation-in-brittany-with-sandpiper-by-the-sea\/ \">Lire plus<\/a>","protected":false},"author":1,"featured_media":0,"parent":0,"menu_order":0,"comment_status":"closed","ping_status":"closed","template":"","meta":{"_coblocks_attr":"","_coblocks_dimensions":"","_coblocks_responsive_height":"","_coblocks_accordion_ie_support":"","_eb_attr":"","_crdt_document":"","footnotes":""},"class_list":["post-3155","page","type-page","status-publish","hentry","col-lg-4 col-sm-6"],"yoast_head":"<!-- This site is optimized with the Yoast SEO plugin v27.4 - https:\/\/yoast.com\/product\/yoast-seo-wordpress\/ -->\n<title>Seaside Vacation Rental in Brittany - Cozy Cottage in the Middle of Nature<\/title>\n<meta name=\"description\" content=\"Seaside Vacation Rental in Brittany. The environment around the cottage is a nature-lovers paradise. Perfect to discover the Brittany coast.\" \/>\n<meta name=\"robots\" content=\"index, follow, max-snippet:-1, max-image-preview:large, max-video-preview:-1\" \/>\n<link rel=\"canonical\" href=\"https:\/\/giteenfinistere.com\/fr\/vacation-in-brittany-with-sandpiper-by-the-sea\/\" \/>\n<meta property=\"og:locale\" content=\"fr_FR\" \/>\n<meta property=\"og:type\" content=\"article\" \/>\n<meta property=\"og:title\" content=\"Seaside Vacation Rental in Brittany - Cozy Cottage in the Middle of Nature\" \/>\n<meta property=\"og:description\" content=\"Seaside Vacation Rental in Brittany. The environment around the cottage is a nature-lovers paradise. Perfect to discover the Brittany coast.\" \/>\n<meta property=\"og:url\" content=\"https:\/\/giteenfinistere.com\/fr\/vacation-in-brittany-with-sandpiper-by-the-sea\/\" \/>\n<meta property=\"article:modified_time\" content=\"2021-05-03T12:54:42+00:00\" \/>\n<meta property=\"og:image\" content=\"https:\/\/giteenfinistere.com\/wp-content\/uploads\/2018\/10\/Michael-David-Vasco-on-the-rocks.jpg\" \/>\n<meta name=\"twitter:card\" content=\"summary_large_image\" \/>\n<meta name=\"twitter:label1\" content=\"Dur\u00e9e de lecture estim\u00e9e\" \/>\n\t<meta name=\"twitter:data1\" content=\"1 minute\" \/>\n<script type=\"application\/ld+json\" class=\"yoast-schema-graph\">{\"@context\":\"https:\\\/\\\/schema.org\",\"@graph\":[{\"@type\":\"WebPage\",\"@id\":\"https:\\\/\\\/giteenfinistere.com\\\/nl\\\/vacation-in-brittany-with-sandpiper-by-the-sea\\\/\",\"url\":\"https:\\\/\\\/giteenfinistere.com\\\/nl\\\/vacation-in-brittany-with-sandpiper-by-the-sea\\\/\",\"name\":\"Seaside Vacation Rental in Brittany - Cozy Cottage in the Middle of Nature\",\"isPartOf\":{\"@id\":\"https:\\\/\\\/giteenfinistere.com\\\/#website\"},\"primaryImageOfPage\":{\"@id\":\"https:\\\/\\\/giteenfinistere.com\\\/nl\\\/vacation-in-brittany-with-sandpiper-by-the-sea\\\/#primaryimage\"},\"image\":{\"@id\":\"https:\\\/\\\/giteenfinistere.com\\\/nl\\\/vacation-in-brittany-with-sandpiper-by-the-sea\\\/#primaryimage\"},\"thumbnailUrl\":\"https:\\\/\\\/giteenfinistere.com\\\/wp-content\\\/uploads\\\/2018\\\/10\\\/Michael-David-Vasco-on-the-rocks.jpg\",\"datePublished\":\"2021-05-03T12:13:52+00:00\",\"dateModified\":\"2021-05-03T12:54:42+00:00\",\"description\":\"Seaside Vacation Rental in Brittany. The environment around the cottage is a nature-lovers paradise. Perfect to discover the Brittany coast.\",\"breadcrumb\":{\"@id\":\"https:\\\/\\\/giteenfinistere.com\\\/nl\\\/vacation-in-brittany-with-sandpiper-by-the-sea\\\/#breadcrumb\"},\"inLanguage\":\"fr-FR\",\"potentialAction\":[{\"@type\":\"ReadAction\",\"target\":[\"https:\\\/\\\/giteenfinistere.com\\\/nl\\\/vacation-in-brittany-with-sandpiper-by-the-sea\\\/\"]}]},{\"@type\":\"ImageObject\",\"inLanguage\":\"fr-FR\",\"@id\":\"https:\\\/\\\/giteenfinistere.com\\\/nl\\\/vacation-in-brittany-with-sandpiper-by-the-sea\\\/#primaryimage\",\"url\":\"https:\\\/\\\/giteenfinistere.com\\\/wp-content\\\/uploads\\\/2018\\\/10\\\/Michael-David-Vasco-on-the-rocks.jpg\",\"contentUrl\":\"https:\\\/\\\/giteenfinistere.com\\\/wp-content\\\/uploads\\\/2018\\\/10\\\/Michael-David-Vasco-on-the-rocks.jpg\"},{\"@type\":\"BreadcrumbList\",\"@id\":\"https:\\\/\\\/giteenfinistere.com\\\/nl\\\/vacation-in-brittany-with-sandpiper-by-the-sea\\\/#breadcrumb\",\"itemListElement\":[{\"@type\":\"ListItem\",\"position\":1,\"name\":\"Home\",\"item\":\"https:\\\/\\\/giteenfinistere.com\\\/\"},{\"@type\":\"ListItem\",\"position\":2,\"name\":\"ABOUT US\"}]},{\"@type\":\"WebSite\",\"@id\":\"https:\\\/\\\/giteenfinistere.com\\\/#website\",\"url\":\"https:\\\/\\\/giteenfinistere.com\\\/\",\"name\":\"\",\"description\":\"\",\"publisher\":{\"@id\":\"https:\\\/\\\/giteenfinistere.com\\\/#organization\"},\"potentialAction\":[{\"@type\":\"SearchAction\",\"target\":{\"@type\":\"EntryPoint\",\"urlTemplate\":\"https:\\\/\\\/giteenfinistere.com\\\/?s={search_term_string}\"},\"query-input\":{\"@type\":\"PropertyValueSpecification\",\"valueRequired\":true,\"valueName\":\"search_term_string\"}}],\"inLanguage\":\"fr-FR\"},{\"@type\":\"Organization\",\"@id\":\"https:\\\/\\\/giteenfinistere.com\\\/#organization\",\"name\":\"Sandpiper Cottage by the Sea\",\"url\":\"https:\\\/\\\/giteenfinistere.com\\\/\",\"logo\":{\"@type\":\"ImageObject\",\"inLanguage\":\"fr-FR\",\"@id\":\"https:\\\/\\\/giteenfinistere.com\\\/#\\\/schema\\\/logo\\\/image\\\/\",\"url\":\"https:\\\/\\\/i1.wp.com\\\/giteenfinistere.com\\\/wp-content\\\/uploads\\\/2018\\\/10\\\/logo4.png?fit=485%2C85&ssl=1\",\"contentUrl\":\"https:\\\/\\\/i1.wp.com\\\/giteenfinistere.com\\\/wp-content\\\/uploads\\\/2018\\\/10\\\/logo4.png?fit=485%2C85&ssl=1\",\"width\":485,\"height\":85,\"caption\":\"Sandpiper Cottage by the Sea\"},\"image\":{\"@id\":\"https:\\\/\\\/giteenfinistere.com\\\/#\\\/schema\\\/logo\\\/image\\\/\"}}]}<\/script>\n<!-- \/ Yoast SEO plugin. -->","yoast_head_json":{"title":"Location Vacances Bord de Mer en Bretagne - G\u00eete Cosy au Milieu de la Nature","description":"Location saisonni\u00e8re en bord de mer en Bretagne. L&#039;environnement autour du chalet est un paradis pour les amoureux de la nature. Parfait pour d\u00e9couvrir la c\u00f4te bretonne.","robots":{"index":"index","follow":"follow","max-snippet":"max-snippet:-1","max-image-preview":"max-image-preview:large","max-video-preview":"max-video-preview:-1"},"canonical":"https:\/\/giteenfinistere.com\/fr\/vacation-in-brittany-with-sandpiper-by-the-sea\/","og_locale":"fr_FR","og_type":"article","og_title":"Seaside Vacation Rental in Brittany - Cozy Cottage in the Middle of Nature","og_description":"Seaside Vacation Rental in Brittany. The environment around the cottage is a nature-lovers paradise. Perfect to discover the Brittany coast.","og_url":"https:\/\/giteenfinistere.com\/fr\/vacation-in-brittany-with-sandpiper-by-the-sea\/","article_modified_time":"2021-05-03T12:54:42+00:00","og_image":[{"url":"https:\/\/giteenfinistere.com\/wp-content\/uploads\/2018\/10\/Michael-David-Vasco-on-the-rocks.jpg","type":"","width":"","height":""}],"twitter_card":"summary_large_image","twitter_misc":{"Dur\u00e9e de lecture estim\u00e9e":"1 minute"},"schema":{"@context":"https:\/\/schema.org","@graph":[{"@type":"WebPage","@id":"https:\/\/giteenfinistere.com\/nl\/vacation-in-brittany-with-sandpiper-by-the-sea\/","url":"https:\/\/giteenfinistere.com\/nl\/vacation-in-brittany-with-sandpiper-by-the-sea\/","name":"Location Vacances Bord de Mer en Bretagne - G\u00eete Cosy au Milieu de la Nature","isPartOf":{"@id":"https:\/\/giteenfinistere.com\/#website"},"primaryImageOfPage":{"@id":"https:\/\/giteenfinistere.com\/nl\/vacation-in-brittany-with-sandpiper-by-the-sea\/#primaryimage"},"image":{"@id":"https:\/\/giteenfinistere.com\/nl\/vacation-in-brittany-with-sandpiper-by-the-sea\/#primaryimage"},"thumbnailUrl":"https:\/\/giteenfinistere.com\/wp-content\/uploads\/2018\/10\/Michael-David-Vasco-on-the-rocks.jpg","datePublished":"2021-05-03T12:13:52+00:00","dateModified":"2021-05-03T12:54:42+00:00","description":"Location saisonni\u00e8re en bord de mer en Bretagne. L&#039;environnement autour du chalet est un paradis pour les amoureux de la nature. Parfait pour d\u00e9couvrir la c\u00f4te bretonne.","breadcrumb":{"@id":"https:\/\/giteenfinistere.com\/nl\/vacation-in-brittany-with-sandpiper-by-the-sea\/#breadcrumb"},"inLanguage":"fr-FR","potentialAction":[{"@type":"ReadAction","target":["https:\/\/giteenfinistere.com\/nl\/vacation-in-brittany-with-sandpiper-by-the-sea\/"]}]},{"@type":"ImageObject","inLanguage":"fr-FR","@id":"https:\/\/giteenfinistere.com\/nl\/vacation-in-brittany-with-sandpiper-by-the-sea\/#primaryimage","url":"https:\/\/giteenfinistere.com\/wp-content\/uploads\/2018\/10\/Michael-David-Vasco-on-the-rocks.jpg","contentUrl":"https:\/\/giteenfinistere.com\/wp-content\/uploads\/2018\/10\/Michael-David-Vasco-on-the-rocks.jpg"},{"@type":"BreadcrumbList","@id":"https:\/\/giteenfinistere.com\/nl\/vacation-in-brittany-with-sandpiper-by-the-sea\/#breadcrumb","itemListElement":[{"@type":"ListItem","position":1,"name":"Home","item":"https:\/\/giteenfinistere.com\/"},{"@type":"ListItem","position":2,"name":"ABOUT US"}]},{"@type":"WebSite","@id":"https:\/\/giteenfinistere.com\/#website","url":"https:\/\/giteenfinistere.com\/","name":"","description":"","publisher":{"@id":"https:\/\/giteenfinistere.com\/#organization"},"potentialAction":[{"@type":"SearchAction","target":{"@type":"EntryPoint","urlTemplate":"https:\/\/giteenfinistere.com\/?s={search_term_string}"},"query-input":{"@type":"PropertyValueSpecification","valueRequired":true,"valueName":"search_term_string"}}],"inLanguage":"fr-FR"},{"@type":"Organization","@id":"https:\/\/giteenfinistere.com\/#organization","name":"Sandpiper Cottage by the Sea","url":"https:\/\/giteenfinistere.com\/","logo":{"@type":"ImageObject","inLanguage":"fr-FR","@id":"https:\/\/giteenfinistere.com\/#\/schema\/logo\/image\/","url":"https:\/\/i1.wp.com\/giteenfinistere.com\/wp-content\/uploads\/2018\/10\/logo4.png?fit=485%2C85&ssl=1","contentUrl":"https:\/\/i1.wp.com\/giteenfinistere.com\/wp-content\/uploads\/2018\/10\/logo4.png?fit=485%2C85&ssl=1","width":485,"height":85,"caption":"Sandpiper Cottage by the Sea"},"image":{"@id":"https:\/\/giteenfinistere.com\/#\/schema\/logo\/image\/"}}]}},"jetpack_sharing_enabled":true,"jetpack_shortlink":"https:\/\/wp.me\/P9GoUt-OT","jetpack_likes_enabled":true,"_links":{"self":[{"href":"https:\/\/giteenfinistere.com\/fr\/wp-json\/wp\/v2\/pages\/3155","targetHints":{"allow":["GET"]}}],"collection":[{"href":"https:\/\/giteenfinistere.com\/fr\/wp-json\/wp\/v2\/pages"}],"about":[{"href":"https:\/\/giteenfinistere.com\/fr\/wp-json\/wp\/v2\/types\/page"}],"author":[{"embeddable":true,"href":"https:\/\/giteenfinistere.com\/fr\/wp-json\/wp\/v2\/users\/1"}],"replies":[{"embeddable":true,"href":"https:\/\/giteenfinistere.com\/fr\/wp-json\/wp\/v2\/comments?post=3155"}],"version-history":[{"count":31,"href":"https:\/\/giteenfinistere.com\/fr\/wp-json\/wp\/v2\/pages\/3155\/revisions"}],"predecessor-version":[{"id":3191,"href":"https:\/\/giteenfinistere.com\/fr\/wp-json\/wp\/v2\/pages\/3155\/revisions\/3191"}],"wp:attachment":[{"href":"https:\/\/giteenfinistere.com\/fr\/wp-json\/wp\/v2\/media?parent=3155"}],"curies":[{"name":"wp","href":"https:\/\/api.w.org\/{rel}","templated":true}]}}