{"id":3103,"date":"2021-05-03T12:08:05","date_gmt":"2021-05-03T11:08:05","guid":{"rendered":"https:\/\/giteenfinistere.com\/?page_id=3103"},"modified":"2021-05-03T12:10:37","modified_gmt":"2021-05-03T11:10:37","slug":"davids-paintings-2","status":"publish","type":"page","link":"https:\/\/giteenfinistere.com\/fr\/davids-paintings-2\/","title":{"rendered":"LES PEINTURES DE DAVID"},"content":{"rendered":"<div data-elementor-type=\"wp-page\" data-elementor-id=\"3103\" class=\"elementor elementor-3103\">\n\t\t\t\t\t\t<section class=\"elementor-section elementor-top-section elementor-element elementor-element-73c07a91 elementor-section-boxed elementor-section-height-default elementor-section-height-default\" data-id=\"73c07a91\" data-element_type=\"section\" data-e-type=\"section\">\n\t\t\t\t\t\t<div class=\"elementor-container elementor-column-gap-default\">\n\t\t\t\t\t<div class=\"elementor-column elementor-col-100 elementor-top-column elementor-element elementor-element-505403e5\" data-id=\"505403e5\" data-element_type=\"column\" data-e-type=\"column\">\n\t\t\t<div class=\"elementor-widget-wrap elementor-element-populated\">\n\t\t\t\t\t\t<div class=\"elementor-element elementor-element-17a3684c elementor-widget elementor-widget-text-editor\" data-id=\"17a3684c\" data-element_type=\"widget\" data-e-type=\"widget\" data-widget_type=\"text-editor.default\">\n\t\t\t\t<div class=\"elementor-widget-container\">\n\t\t\t\t\t\t\t\t\t\n<div class=\"wp-block-columns is-layout-flex wp-container-core-columns-is-layout-8f761849 wp-block-columns-is-layout-flex\">\n<div class=\"wp-block-column is-layout-flow wp-block-column-is-layout-flow\">\n<p class=\"wp-block-paragraph\">David a peint par intermittence pendant la majeure partie de sa vie. Apr\u00e8s une carri\u00e8re de 20 ans dans les services financiers et maintenant plus de 10 ans dans le monde \u00e0 but non lucratif, il trouve \u00e9galement plus de temps pour poursuivre sa passion dans les arts; en particulier, la peinture. Son travail se trouve au Sandpiper Cottage et des commandes sont possibles sur demande.<\/p>\n<\/div>\n\n\n\n<div class=\"wp-block-column is-layout-flow wp-block-column-is-layout-flow\">\n<figure class=\"wp-block-image size-large is-resized is-style-default\"><img fetchpriority=\"high\" decoding=\"async\" data-attachment-id=\"1370\" data-permalink=\"https:\/\/giteenfinistere.com\/fr\/img_0300-2-2\/\" data-orig-file=\"https:\/\/i0.wp.com\/giteenfinistere.com\/wp-content\/uploads\/2019\/03\/IMG_0300-2.jpg?fit=754%2C585&amp;ssl=1\" data-orig-size=\"754,585\" data-comments-opened=\"1\" data-image-meta=\"{&quot;aperture&quot;:&quot;1.8&quot;,&quot;credit&quot;:&quot;&quot;,&quot;camera&quot;:&quot;iPhone 8&quot;,&quot;caption&quot;:&quot;&quot;,&quot;created_timestamp&quot;:&quot;1544994100&quot;,&quot;copyright&quot;:&quot;&quot;,&quot;focal_length&quot;:&quot;3.99&quot;,&quot;iso&quot;:&quot;80&quot;,&quot;shutter_speed&quot;:&quot;0.058823529411765&quot;,&quot;title&quot;:&quot;&quot;,&quot;orientation&quot;:&quot;1&quot;}\" data-image-title=\"IMG_0300 (2)\" data-image-description=\"\" data-image-caption=\"\" data-large-file=\"https:\/\/i0.wp.com\/giteenfinistere.com\/wp-content\/uploads\/2019\/03\/IMG_0300-2.jpg?fit=740%2C574&amp;ssl=1\" data-recalc-dims=\"1\" src=\"https:\/\/i0.wp.com\/giteenfinistere.com\/wp-content\/uploads\/2019\/03\/IMG_0300-2.jpg?resize=350%2C271&#038;ssl=1\" alt=\"\" class=\"wp-image-1370\" width=\"350\" height=\"271\" srcset=\"https:\/\/i0.wp.com\/giteenfinistere.com\/wp-content\/uploads\/2019\/03\/IMG_0300-2.jpg?w=754&amp;ssl=1 754w, https:\/\/i0.wp.com\/giteenfinistere.com\/wp-content\/uploads\/2019\/03\/IMG_0300-2.jpg?resize=300%2C233&amp;ssl=1 300w, https:\/\/i0.wp.com\/giteenfinistere.com\/wp-content\/uploads\/2019\/03\/IMG_0300-2.jpg?resize=690%2C535&amp;ssl=1 690w\" sizes=\"(max-width: 350px) 100vw, 350px\" \/><\/figure>\n<\/div>\n<\/div>\n\n\n\n<div class=\"wp-block-columns is-layout-flex wp-container-core-columns-is-layout-8f761849 wp-block-columns-is-layout-flex\">\n<div class=\"wp-block-column is-layout-flow wp-block-column-is-layout-flow\">\n<figure class=\"wp-block-image size-large is-style-default\"><img decoding=\"async\" data-attachment-id=\"1369\" data-permalink=\"https:\/\/giteenfinistere.com\/fr\/10803710832_img_0811-2\/\" data-orig-file=\"https:\/\/i0.wp.com\/giteenfinistere.com\/wp-content\/uploads\/2019\/03\/10803710832_IMG_0811.jpg?fit=2579%2C1966&amp;ssl=1\" data-orig-size=\"2579,1966\" data-comments-opened=\"1\" data-image-meta=\"{&quot;aperture&quot;:&quot;4&quot;,&quot;credit&quot;:&quot;&quot;,&quot;camera&quot;:&quot;Canon EOS 6D&quot;,&quot;caption&quot;:&quot;&quot;,&quot;created_timestamp&quot;:&quot;1545841753&quot;,&quot;copyright&quot;:&quot;&quot;,&quot;focal_length&quot;:&quot;50&quot;,&quot;iso&quot;:&quot;100&quot;,&quot;shutter_speed&quot;:&quot;0.01&quot;,&quot;title&quot;:&quot;&quot;,&quot;orientation&quot;:&quot;1&quot;}\" data-image-title=\"10803710832_IMG_0811\" data-image-description=\"\" data-image-caption=\"\" data-large-file=\"https:\/\/i0.wp.com\/giteenfinistere.com\/wp-content\/uploads\/2019\/03\/10803710832_IMG_0811.jpg?fit=740%2C564&amp;ssl=1\" data-recalc-dims=\"1\" height=\"564\" width=\"740\" src=\"https:\/\/i0.wp.com\/giteenfinistere.com\/wp-content\/uploads\/2019\/03\/10803710832_IMG_0811.jpg?resize=740%2C564&#038;ssl=1\" alt=\"\" class=\"wp-image-1369\" srcset=\"https:\/\/i0.wp.com\/giteenfinistere.com\/wp-content\/uploads\/2019\/03\/10803710832_IMG_0811.jpg?w=2579&amp;ssl=1 2579w, https:\/\/i0.wp.com\/giteenfinistere.com\/wp-content\/uploads\/2019\/03\/10803710832_IMG_0811.jpg?resize=300%2C229&amp;ssl=1 300w, https:\/\/i0.wp.com\/giteenfinistere.com\/wp-content\/uploads\/2019\/03\/10803710832_IMG_0811.jpg?resize=768%2C585&amp;ssl=1 768w, https:\/\/i0.wp.com\/giteenfinistere.com\/wp-content\/uploads\/2019\/03\/10803710832_IMG_0811.jpg?resize=1024%2C781&amp;ssl=1 1024w, https:\/\/i0.wp.com\/giteenfinistere.com\/wp-content\/uploads\/2019\/03\/10803710832_IMG_0811.jpg?resize=690%2C526&amp;ssl=1 690w, https:\/\/i0.wp.com\/giteenfinistere.com\/wp-content\/uploads\/2019\/03\/10803710832_IMG_0811.jpg?resize=1317%2C1004&amp;ssl=1 1317w, https:\/\/i0.wp.com\/giteenfinistere.com\/wp-content\/uploads\/2019\/03\/10803710832_IMG_0811.jpg?resize=800%2C610&amp;ssl=1 800w, https:\/\/i0.wp.com\/giteenfinistere.com\/wp-content\/uploads\/2019\/03\/10803710832_IMG_0811.jpg?resize=1400%2C1067&amp;ssl=1 1400w, https:\/\/i0.wp.com\/giteenfinistere.com\/wp-content\/uploads\/2019\/03\/10803710832_IMG_0811.jpg?w=1480&amp;ssl=1 1480w, https:\/\/i0.wp.com\/giteenfinistere.com\/wp-content\/uploads\/2019\/03\/10803710832_IMG_0811.jpg?w=2220&amp;ssl=1 2220w\" sizes=\"(max-width: 740px) 100vw, 740px\" \/><\/figure>\n<\/div>\n\n\n\n<div class=\"wp-block-column is-layout-flow wp-block-column-is-layout-flow\">\n<figure class=\"wp-block-image size-large is-style-default\"><img decoding=\"async\" data-attachment-id=\"1372\" data-permalink=\"https:\/\/giteenfinistere.com\/fr\/img_1374\/\" data-orig-file=\"https:\/\/i0.wp.com\/giteenfinistere.com\/wp-content\/uploads\/2019\/03\/IMG_1374.jpg?fit=2504%2C2148&amp;ssl=1\" data-orig-size=\"2504,2148\" data-comments-opened=\"1\" data-image-meta=\"{&quot;aperture&quot;:&quot;1.8&quot;,&quot;credit&quot;:&quot;&quot;,&quot;camera&quot;:&quot;iPhone 8&quot;,&quot;caption&quot;:&quot;&quot;,&quot;created_timestamp&quot;:&quot;1553510318&quot;,&quot;copyright&quot;:&quot;&quot;,&quot;focal_length&quot;:&quot;3.99&quot;,&quot;iso&quot;:&quot;40&quot;,&quot;shutter_speed&quot;:&quot;0.03030303030303&quot;,&quot;title&quot;:&quot;&quot;,&quot;orientation&quot;:&quot;0&quot;}\" data-image-title=\"IMG_1374\" data-image-description=\"\" data-image-caption=\"\" data-large-file=\"https:\/\/i0.wp.com\/giteenfinistere.com\/wp-content\/uploads\/2019\/03\/IMG_1374.jpg?fit=740%2C634&amp;ssl=1\" data-recalc-dims=\"1\" height=\"634\" width=\"740\" src=\"https:\/\/i0.wp.com\/giteenfinistere.com\/wp-content\/uploads\/2019\/03\/IMG_1374.jpg?resize=740%2C634&#038;ssl=1\" alt=\"\" class=\"wp-image-1372\" srcset=\"https:\/\/i0.wp.com\/giteenfinistere.com\/wp-content\/uploads\/2019\/03\/IMG_1374.jpg?w=2504&amp;ssl=1 2504w, https:\/\/i0.wp.com\/giteenfinistere.com\/wp-content\/uploads\/2019\/03\/IMG_1374.jpg?resize=300%2C257&amp;ssl=1 300w, https:\/\/i0.wp.com\/giteenfinistere.com\/wp-content\/uploads\/2019\/03\/IMG_1374.jpg?resize=768%2C659&amp;ssl=1 768w, https:\/\/i0.wp.com\/giteenfinistere.com\/wp-content\/uploads\/2019\/03\/IMG_1374.jpg?resize=1024%2C878&amp;ssl=1 1024w, https:\/\/i0.wp.com\/giteenfinistere.com\/wp-content\/uploads\/2019\/03\/IMG_1374.jpg?resize=690%2C592&amp;ssl=1 690w, https:\/\/i0.wp.com\/giteenfinistere.com\/wp-content\/uploads\/2019\/03\/IMG_1374.jpg?resize=1317%2C1130&amp;ssl=1 1317w, https:\/\/i0.wp.com\/giteenfinistere.com\/wp-content\/uploads\/2019\/03\/IMG_1374.jpg?resize=800%2C686&amp;ssl=1 800w, https:\/\/i0.wp.com\/giteenfinistere.com\/wp-content\/uploads\/2019\/03\/IMG_1374.jpg?resize=1400%2C1201&amp;ssl=1 1400w, https:\/\/i0.wp.com\/giteenfinistere.com\/wp-content\/uploads\/2019\/03\/IMG_1374.jpg?w=1480&amp;ssl=1 1480w, https:\/\/i0.wp.com\/giteenfinistere.com\/wp-content\/uploads\/2019\/03\/IMG_1374.jpg?w=2220&amp;ssl=1 2220w\" sizes=\"(max-width: 740px) 100vw, 740px\" \/><\/figure>\n<\/div>\n<\/div>\n\n\n\n<div class=\"wp-block-columns is-layout-flex wp-container-core-columns-is-layout-8f761849 wp-block-columns-is-layout-flex\">\n<div class=\"wp-block-column is-layout-flow wp-block-column-is-layout-flow\">\n<figure class=\"wp-block-image size-large is-style-default\"><img loading=\"lazy\" decoding=\"async\" data-attachment-id=\"1374\" data-permalink=\"https:\/\/giteenfinistere.com\/fr\/img_3788-2\/\" data-orig-file=\"https:\/\/i0.wp.com\/giteenfinistere.com\/wp-content\/uploads\/2019\/03\/IMG_3788.jpg?fit=1639%2C2346&amp;ssl=1\" data-orig-size=\"1639,2346\" data-comments-opened=\"1\" data-image-meta=\"{&quot;aperture&quot;:&quot;1.8&quot;,&quot;credit&quot;:&quot;&quot;,&quot;camera&quot;:&quot;iPhone 8&quot;,&quot;caption&quot;:&quot;&quot;,&quot;created_timestamp&quot;:&quot;1546350068&quot;,&quot;copyright&quot;:&quot;&quot;,&quot;focal_length&quot;:&quot;3.99&quot;,&quot;iso&quot;:&quot;100&quot;,&quot;shutter_speed&quot;:&quot;0.1&quot;,&quot;title&quot;:&quot;&quot;,&quot;orientation&quot;:&quot;1&quot;}\" data-image-title=\"IMG_3788\" data-image-description=\"\" data-image-caption=\"\" data-large-file=\"https:\/\/i0.wp.com\/giteenfinistere.com\/wp-content\/uploads\/2019\/03\/IMG_3788.jpg?fit=715%2C1024&amp;ssl=1\" data-recalc-dims=\"1\" height=\"1024\" width=\"715\" src=\"https:\/\/i0.wp.com\/giteenfinistere.com\/wp-content\/uploads\/2019\/03\/IMG_3788.jpg?resize=715%2C1024&#038;ssl=1\" alt=\"\" class=\"wp-image-1374\" srcset=\"https:\/\/i0.wp.com\/giteenfinistere.com\/wp-content\/uploads\/2019\/03\/IMG_3788.jpg?w=1639&amp;ssl=1 1639w, https:\/\/i0.wp.com\/giteenfinistere.com\/wp-content\/uploads\/2019\/03\/IMG_3788.jpg?resize=210%2C300&amp;ssl=1 210w, https:\/\/i0.wp.com\/giteenfinistere.com\/wp-content\/uploads\/2019\/03\/IMG_3788.jpg?resize=768%2C1099&amp;ssl=1 768w, https:\/\/i0.wp.com\/giteenfinistere.com\/wp-content\/uploads\/2019\/03\/IMG_3788.jpg?resize=715%2C1024&amp;ssl=1 715w, https:\/\/i0.wp.com\/giteenfinistere.com\/wp-content\/uploads\/2019\/03\/IMG_3788.jpg?resize=690%2C988&amp;ssl=1 690w, https:\/\/i0.wp.com\/giteenfinistere.com\/wp-content\/uploads\/2019\/03\/IMG_3788.jpg?resize=1317%2C1885&amp;ssl=1 1317w, https:\/\/i0.wp.com\/giteenfinistere.com\/wp-content\/uploads\/2019\/03\/IMG_3788.jpg?resize=800%2C1145&amp;ssl=1 800w, https:\/\/i0.wp.com\/giteenfinistere.com\/wp-content\/uploads\/2019\/03\/IMG_3788.jpg?resize=1400%2C2004&amp;ssl=1 1400w, https:\/\/i0.wp.com\/giteenfinistere.com\/wp-content\/uploads\/2019\/03\/IMG_3788.jpg?w=1480&amp;ssl=1 1480w\" sizes=\"(max-width: 715px) 100vw, 715px\" \/><\/figure>\n<\/div>\n\n\n\n<div class=\"wp-block-column is-layout-flow wp-block-column-is-layout-flow\">\n<figure class=\"wp-block-image size-large is-style-default\"><img loading=\"lazy\" decoding=\"async\" data-attachment-id=\"1371\" data-permalink=\"https:\/\/giteenfinistere.com\/fr\/img_1373\/\" data-orig-file=\"https:\/\/i0.wp.com\/giteenfinistere.com\/wp-content\/uploads\/2019\/03\/IMG_1373.jpg?fit=2631%2C2701&amp;ssl=1\" data-orig-size=\"2631,2701\" data-comments-opened=\"1\" data-image-meta=\"{&quot;aperture&quot;:&quot;1.8&quot;,&quot;credit&quot;:&quot;&quot;,&quot;camera&quot;:&quot;iPhone 8&quot;,&quot;caption&quot;:&quot;&quot;,&quot;created_timestamp&quot;:&quot;1553510091&quot;,&quot;copyright&quot;:&quot;&quot;,&quot;focal_length&quot;:&quot;3.99&quot;,&quot;iso&quot;:&quot;100&quot;,&quot;shutter_speed&quot;:&quot;0.125&quot;,&quot;title&quot;:&quot;&quot;,&quot;orientation&quot;:&quot;0&quot;}\" data-image-title=\"IMG_1373\" data-image-description=\"\" data-image-caption=\"\" data-large-file=\"https:\/\/i0.wp.com\/giteenfinistere.com\/wp-content\/uploads\/2019\/03\/IMG_1373.jpg?fit=740%2C760&amp;ssl=1\" data-recalc-dims=\"1\" height=\"760\" width=\"740\" src=\"https:\/\/i0.wp.com\/giteenfinistere.com\/wp-content\/uploads\/2019\/03\/IMG_1373.jpg?resize=740%2C760&#038;ssl=1\" alt=\"\" class=\"wp-image-1371\" srcset=\"https:\/\/i0.wp.com\/giteenfinistere.com\/wp-content\/uploads\/2019\/03\/IMG_1373.jpg?w=2631&amp;ssl=1 2631w, https:\/\/i0.wp.com\/giteenfinistere.com\/wp-content\/uploads\/2019\/03\/IMG_1373.jpg?resize=292%2C300&amp;ssl=1 292w, https:\/\/i0.wp.com\/giteenfinistere.com\/wp-content\/uploads\/2019\/03\/IMG_1373.jpg?resize=768%2C788&amp;ssl=1 768w, https:\/\/i0.wp.com\/giteenfinistere.com\/wp-content\/uploads\/2019\/03\/IMG_1373.jpg?resize=997%2C1024&amp;ssl=1 997w, https:\/\/i0.wp.com\/giteenfinistere.com\/wp-content\/uploads\/2019\/03\/IMG_1373.jpg?resize=690%2C708&amp;ssl=1 690w, https:\/\/i0.wp.com\/giteenfinistere.com\/wp-content\/uploads\/2019\/03\/IMG_1373.jpg?resize=1317%2C1352&amp;ssl=1 1317w, https:\/\/i0.wp.com\/giteenfinistere.com\/wp-content\/uploads\/2019\/03\/IMG_1373.jpg?resize=800%2C821&amp;ssl=1 800w, https:\/\/i0.wp.com\/giteenfinistere.com\/wp-content\/uploads\/2019\/03\/IMG_1373.jpg?resize=1400%2C1437&amp;ssl=1 1400w, https:\/\/i0.wp.com\/giteenfinistere.com\/wp-content\/uploads\/2019\/03\/IMG_1373.jpg?resize=50%2C50&amp;ssl=1 50w, https:\/\/i0.wp.com\/giteenfinistere.com\/wp-content\/uploads\/2019\/03\/IMG_1373.jpg?w=1480&amp;ssl=1 1480w, https:\/\/i0.wp.com\/giteenfinistere.com\/wp-content\/uploads\/2019\/03\/IMG_1373.jpg?w=2220&amp;ssl=1 2220w\" sizes=\"(max-width: 740px) 100vw, 740px\" \/><\/figure>\n<\/div>\n<\/div>\n\t\t\t\t\t\t\t\t<\/div>\n\t\t\t\t<\/div>\n\t\t\t\t\t<\/div>\n\t\t<\/div>\n\t\t\t\t\t<\/div>\n\t\t<\/section>\n\t\t\t\t<\/div>","protected":false},"excerpt":{"rendered":"<p>David a peint par intermittence pendant la majeure partie de sa vie. Apr\u00e8s une carri\u00e8re de 20 ans dans les services financiers et maintenant plus de 10 ans dans le monde \u00e0 but non lucratif, il trouve \u00e9galement plus de temps pour poursuivre sa passion dans les arts; en particulier, la peinture. Son travail se trouve dans Sandpiper Cottage et des commandes\u2026<\/p>\n<a class=\"read-more-link\" href=\" https:\/\/giteenfinistere.com\/fr\/davids-paintings-2\/ \">Lire plus<\/a>","protected":false},"author":1,"featured_media":0,"parent":0,"menu_order":0,"comment_status":"closed","ping_status":"closed","template":"","meta":{"_coblocks_attr":"","_coblocks_dimensions":"","_coblocks_responsive_height":"","_coblocks_accordion_ie_support":"","_eb_attr":"","_crdt_document":"","footnotes":""},"class_list":["post-3103","page","type-page","status-publish","hentry","col-lg-4 col-sm-6"],"yoast_head":"<!-- This site is optimized with the Yoast SEO plugin v27.5 - https:\/\/yoast.com\/product\/yoast-seo-wordpress\/ -->\n<title>DAVID&#039;s PAINTINGS -<\/title>\n<meta name=\"robots\" content=\"index, follow, max-snippet:-1, max-image-preview:large, max-video-preview:-1\" \/>\n<link rel=\"canonical\" href=\"https:\/\/giteenfinistere.com\/fr\/davids-paintings-2\/\" \/>\n<meta property=\"og:locale\" content=\"fr_FR\" \/>\n<meta property=\"og:type\" content=\"article\" \/>\n<meta property=\"og:title\" content=\"DAVID&#039;s PAINTINGS -\" \/>\n<meta property=\"og:description\" content=\"David has painted on and off for most of his life. After a 20 year career in financial services and now more than 10 years in the non-profit world, he is also finding more time to pursue his passion in the arts; in particular, painting. His work can be found in Sandpiper Cottage and commissions\u2026\" \/>\n<meta property=\"og:url\" content=\"https:\/\/giteenfinistere.com\/fr\/davids-paintings-2\/\" \/>\n<meta property=\"article:modified_time\" content=\"2021-05-03T11:10:37+00:00\" \/>\n<meta property=\"og:image\" content=\"https:\/\/giteenfinistere.com\/wp-content\/uploads\/2019\/03\/IMG_0300-2.jpg\" \/>\n<meta name=\"twitter:card\" content=\"summary_large_image\" \/>\n<meta name=\"twitter:label1\" content=\"Dur\u00e9e de lecture estim\u00e9e\" \/>\n\t<meta name=\"twitter:data1\" content=\"2 minutes\" \/>\n<script type=\"application\/ld+json\" class=\"yoast-schema-graph\">{\"@context\":\"https:\\\/\\\/schema.org\",\"@graph\":[{\"@type\":\"WebPage\",\"@id\":\"https:\\\/\\\/giteenfinistere.com\\\/nl\\\/davids-paintings-2\\\/\",\"url\":\"https:\\\/\\\/giteenfinistere.com\\\/nl\\\/davids-paintings-2\\\/\",\"name\":\"DAVID's PAINTINGS -\",\"isPartOf\":{\"@id\":\"https:\\\/\\\/giteenfinistere.com\\\/#website\"},\"primaryImageOfPage\":{\"@id\":\"https:\\\/\\\/giteenfinistere.com\\\/nl\\\/davids-paintings-2\\\/#primaryimage\"},\"image\":{\"@id\":\"https:\\\/\\\/giteenfinistere.com\\\/nl\\\/davids-paintings-2\\\/#primaryimage\"},\"thumbnailUrl\":\"https:\\\/\\\/giteenfinistere.com\\\/wp-content\\\/uploads\\\/2019\\\/03\\\/IMG_0300-2.jpg\",\"datePublished\":\"2021-05-03T11:08:05+00:00\",\"dateModified\":\"2021-05-03T11:10:37+00:00\",\"breadcrumb\":{\"@id\":\"https:\\\/\\\/giteenfinistere.com\\\/nl\\\/davids-paintings-2\\\/#breadcrumb\"},\"inLanguage\":\"fr-FR\",\"potentialAction\":[{\"@type\":\"ReadAction\",\"target\":[\"https:\\\/\\\/giteenfinistere.com\\\/nl\\\/davids-paintings-2\\\/\"]}]},{\"@type\":\"ImageObject\",\"inLanguage\":\"fr-FR\",\"@id\":\"https:\\\/\\\/giteenfinistere.com\\\/nl\\\/davids-paintings-2\\\/#primaryimage\",\"url\":\"https:\\\/\\\/giteenfinistere.com\\\/wp-content\\\/uploads\\\/2019\\\/03\\\/IMG_0300-2.jpg\",\"contentUrl\":\"https:\\\/\\\/giteenfinistere.com\\\/wp-content\\\/uploads\\\/2019\\\/03\\\/IMG_0300-2.jpg\"},{\"@type\":\"BreadcrumbList\",\"@id\":\"https:\\\/\\\/giteenfinistere.com\\\/nl\\\/davids-paintings-2\\\/#breadcrumb\",\"itemListElement\":[{\"@type\":\"ListItem\",\"position\":1,\"name\":\"Home\",\"item\":\"https:\\\/\\\/giteenfinistere.com\\\/\"},{\"@type\":\"ListItem\",\"position\":2,\"name\":\"DAVID&#8217;s PAINTINGS\"}]},{\"@type\":\"WebSite\",\"@id\":\"https:\\\/\\\/giteenfinistere.com\\\/#website\",\"url\":\"https:\\\/\\\/giteenfinistere.com\\\/\",\"name\":\"\",\"description\":\"\",\"publisher\":{\"@id\":\"https:\\\/\\\/giteenfinistere.com\\\/#organization\"},\"potentialAction\":[{\"@type\":\"SearchAction\",\"target\":{\"@type\":\"EntryPoint\",\"urlTemplate\":\"https:\\\/\\\/giteenfinistere.com\\\/?s={search_term_string}\"},\"query-input\":{\"@type\":\"PropertyValueSpecification\",\"valueRequired\":true,\"valueName\":\"search_term_string\"}}],\"inLanguage\":\"fr-FR\"},{\"@type\":\"Organization\",\"@id\":\"https:\\\/\\\/giteenfinistere.com\\\/#organization\",\"name\":\"Sandpiper Cottage by the Sea\",\"url\":\"https:\\\/\\\/giteenfinistere.com\\\/\",\"logo\":{\"@type\":\"ImageObject\",\"inLanguage\":\"fr-FR\",\"@id\":\"https:\\\/\\\/giteenfinistere.com\\\/#\\\/schema\\\/logo\\\/image\\\/\",\"url\":\"https:\\\/\\\/i1.wp.com\\\/giteenfinistere.com\\\/wp-content\\\/uploads\\\/2018\\\/10\\\/logo4.png?fit=485%2C85&ssl=1\",\"contentUrl\":\"https:\\\/\\\/i1.wp.com\\\/giteenfinistere.com\\\/wp-content\\\/uploads\\\/2018\\\/10\\\/logo4.png?fit=485%2C85&ssl=1\",\"width\":485,\"height\":85,\"caption\":\"Sandpiper Cottage by the Sea\"},\"image\":{\"@id\":\"https:\\\/\\\/giteenfinistere.com\\\/#\\\/schema\\\/logo\\\/image\\\/\"}}]}<\/script>\n<!-- \/ Yoast SEO plugin. -->","yoast_head_json":{"title":"LES PEINTURES DE DAVID -","robots":{"index":"index","follow":"follow","max-snippet":"max-snippet:-1","max-image-preview":"max-image-preview:large","max-video-preview":"max-video-preview:-1"},"canonical":"https:\/\/giteenfinistere.com\/fr\/davids-paintings-2\/","og_locale":"fr_FR","og_type":"article","og_title":"DAVID's PAINTINGS -","og_description":"David has painted on and off for most of his life. After a 20 year career in financial services and now more than 10 years in the non-profit world, he is also finding more time to pursue his passion in the arts; in particular, painting. His work can be found in Sandpiper Cottage and commissions\u2026","og_url":"https:\/\/giteenfinistere.com\/fr\/davids-paintings-2\/","article_modified_time":"2021-05-03T11:10:37+00:00","og_image":[{"url":"https:\/\/giteenfinistere.com\/wp-content\/uploads\/2019\/03\/IMG_0300-2.jpg","type":"","width":"","height":""}],"twitter_card":"summary_large_image","twitter_misc":{"Dur\u00e9e de lecture estim\u00e9e":"2 minutes"},"schema":{"@context":"https:\/\/schema.org","@graph":[{"@type":"WebPage","@id":"https:\/\/giteenfinistere.com\/nl\/davids-paintings-2\/","url":"https:\/\/giteenfinistere.com\/nl\/davids-paintings-2\/","name":"LES PEINTURES DE DAVID -","isPartOf":{"@id":"https:\/\/giteenfinistere.com\/#website"},"primaryImageOfPage":{"@id":"https:\/\/giteenfinistere.com\/nl\/davids-paintings-2\/#primaryimage"},"image":{"@id":"https:\/\/giteenfinistere.com\/nl\/davids-paintings-2\/#primaryimage"},"thumbnailUrl":"https:\/\/giteenfinistere.com\/wp-content\/uploads\/2019\/03\/IMG_0300-2.jpg","datePublished":"2021-05-03T11:08:05+00:00","dateModified":"2021-05-03T11:10:37+00:00","breadcrumb":{"@id":"https:\/\/giteenfinistere.com\/nl\/davids-paintings-2\/#breadcrumb"},"inLanguage":"fr-FR","potentialAction":[{"@type":"ReadAction","target":["https:\/\/giteenfinistere.com\/nl\/davids-paintings-2\/"]}]},{"@type":"ImageObject","inLanguage":"fr-FR","@id":"https:\/\/giteenfinistere.com\/nl\/davids-paintings-2\/#primaryimage","url":"https:\/\/giteenfinistere.com\/wp-content\/uploads\/2019\/03\/IMG_0300-2.jpg","contentUrl":"https:\/\/giteenfinistere.com\/wp-content\/uploads\/2019\/03\/IMG_0300-2.jpg"},{"@type":"BreadcrumbList","@id":"https:\/\/giteenfinistere.com\/nl\/davids-paintings-2\/#breadcrumb","itemListElement":[{"@type":"ListItem","position":1,"name":"Home","item":"https:\/\/giteenfinistere.com\/"},{"@type":"ListItem","position":2,"name":"DAVID&#8217;s PAINTINGS"}]},{"@type":"WebSite","@id":"https:\/\/giteenfinistere.com\/#website","url":"https:\/\/giteenfinistere.com\/","name":"","description":"","publisher":{"@id":"https:\/\/giteenfinistere.com\/#organization"},"potentialAction":[{"@type":"SearchAction","target":{"@type":"EntryPoint","urlTemplate":"https:\/\/giteenfinistere.com\/?s={search_term_string}"},"query-input":{"@type":"PropertyValueSpecification","valueRequired":true,"valueName":"search_term_string"}}],"inLanguage":"fr-FR"},{"@type":"Organization","@id":"https:\/\/giteenfinistere.com\/#organization","name":"Sandpiper Cottage by the Sea","url":"https:\/\/giteenfinistere.com\/","logo":{"@type":"ImageObject","inLanguage":"fr-FR","@id":"https:\/\/giteenfinistere.com\/#\/schema\/logo\/image\/","url":"https:\/\/i1.wp.com\/giteenfinistere.com\/wp-content\/uploads\/2018\/10\/logo4.png?fit=485%2C85&ssl=1","contentUrl":"https:\/\/i1.wp.com\/giteenfinistere.com\/wp-content\/uploads\/2018\/10\/logo4.png?fit=485%2C85&ssl=1","width":485,"height":85,"caption":"Sandpiper Cottage by the Sea"},"image":{"@id":"https:\/\/giteenfinistere.com\/#\/schema\/logo\/image\/"}}]}},"jetpack_sharing_enabled":true,"jetpack_shortlink":"https:\/\/wp.me\/P9GoUt-O3","jetpack_likes_enabled":true,"_links":{"self":[{"href":"https:\/\/giteenfinistere.com\/fr\/wp-json\/wp\/v2\/pages\/3103","targetHints":{"allow":["GET"]}}],"collection":[{"href":"https:\/\/giteenfinistere.com\/fr\/wp-json\/wp\/v2\/pages"}],"about":[{"href":"https:\/\/giteenfinistere.com\/fr\/wp-json\/wp\/v2\/types\/page"}],"author":[{"embeddable":true,"href":"https:\/\/giteenfinistere.com\/fr\/wp-json\/wp\/v2\/users\/1"}],"replies":[{"embeddable":true,"href":"https:\/\/giteenfinistere.com\/fr\/wp-json\/wp\/v2\/comments?post=3103"}],"version-history":[{"count":10,"href":"https:\/\/giteenfinistere.com\/fr\/wp-json\/wp\/v2\/pages\/3103\/revisions"}],"predecessor-version":[{"id":3125,"href":"https:\/\/giteenfinistere.com\/fr\/wp-json\/wp\/v2\/pages\/3103\/revisions\/3125"}],"wp:attachment":[{"href":"https:\/\/giteenfinistere.com\/fr\/wp-json\/wp\/v2\/media?parent=3103"}],"curies":[{"name":"wp","href":"https:\/\/api.w.org\/{rel}","templated":true}]}}