{"id":1856,"date":"2019-09-18T17:00:23","date_gmt":"2019-09-18T16:00:23","guid":{"rendered":"https:\/\/giteenfinistere.com\/?page_id=1856"},"modified":"2019-09-18T17:04:43","modified_gmt":"2019-09-18T16:04:43","slug":"local-cuisine-new","status":"publish","type":"page","link":"https:\/\/giteenfinistere.com\/fr\/local-cuisine-new\/","title":{"rendered":"CUISINE LOCALE"},"content":{"rendered":"<div id=\"pl-1856\"  class=\"panel-layout\" ><div id=\"pg-1856-0\"  class=\"panel-grid panel-no-style\" ><div id=\"pgc-1856-0-0\"  class=\"panel-grid-cell\" ><div id=\"panel-1856-0-0-0\" class=\"so-panel widget widget_media_image panel-first-child panel-last-child\" data-index=\"0\" ><style>.widget.widget_media_image { overflow: hidden; }.widget.widget_media_image img { height: auto; max-width: 100%; }<\/style><img fetchpriority=\"high\" decoding=\"async\" data-attachment-id=\"1906\" data-permalink=\"https:\/\/giteenfinistere.com\/fr\/local-cuisine-new\/maxresdefault\/\" data-orig-file=\"https:\/\/i0.wp.com\/giteenfinistere.com\/wp-content\/uploads\/2019\/09\/maxresdefault.jpg?fit=1280%2C720&amp;ssl=1\" data-orig-size=\"1280,720\" data-comments-opened=\"1\" data-image-meta=\"{&quot;aperture&quot;:&quot;0&quot;,&quot;credit&quot;:&quot;&quot;,&quot;camera&quot;:&quot;&quot;,&quot;caption&quot;:&quot;&quot;,&quot;created_timestamp&quot;:&quot;0&quot;,&quot;copyright&quot;:&quot;&quot;,&quot;focal_length&quot;:&quot;0&quot;,&quot;iso&quot;:&quot;0&quot;,&quot;shutter_speed&quot;:&quot;0&quot;,&quot;title&quot;:&quot;&quot;,&quot;orientation&quot;:&quot;0&quot;}\" data-image-title=\"maxresdefault\" data-image-description=\"\" data-image-caption=\"\" data-large-file=\"https:\/\/i0.wp.com\/giteenfinistere.com\/wp-content\/uploads\/2019\/09\/maxresdefault.jpg?fit=740%2C416&amp;ssl=1\" width=\"740\" height=\"416\" src=\"https:\/\/i0.wp.com\/giteenfinistere.com\/wp-content\/uploads\/2019\/09\/maxresdefault.jpg?fit=740%2C416&amp;ssl=1\" class=\"image wp-image-1906  attachment-large size-large\" alt=\"\" style=\"max-width: 100%; height: auto;\" srcset=\"https:\/\/i0.wp.com\/giteenfinistere.com\/wp-content\/uploads\/2019\/09\/maxresdefault.jpg?w=1280&amp;ssl=1 1280w, https:\/\/i0.wp.com\/giteenfinistere.com\/wp-content\/uploads\/2019\/09\/maxresdefault.jpg?resize=300%2C169&amp;ssl=1 300w, https:\/\/i0.wp.com\/giteenfinistere.com\/wp-content\/uploads\/2019\/09\/maxresdefault.jpg?resize=768%2C432&amp;ssl=1 768w, https:\/\/i0.wp.com\/giteenfinistere.com\/wp-content\/uploads\/2019\/09\/maxresdefault.jpg?resize=1024%2C576&amp;ssl=1 1024w, https:\/\/i0.wp.com\/giteenfinistere.com\/wp-content\/uploads\/2019\/09\/maxresdefault.jpg?resize=690%2C388&amp;ssl=1 690w, https:\/\/i0.wp.com\/giteenfinistere.com\/wp-content\/uploads\/2019\/09\/maxresdefault.jpg?resize=800%2C450&amp;ssl=1 800w\" sizes=\"(max-width: 740px) 100vw, 740px\" \/><\/div><\/div><div id=\"pgc-1856-0-1\"  class=\"panel-grid-cell\" ><div id=\"panel-1856-0-1-0\" class=\"so-panel widget widget_text panel-first-child panel-last-child\" data-index=\"1\" >\t\t\t<div class=\"textwidget\"><p>Au fil des si\u00e8cles, la France s&#039;est fait conna\u00eetre tant pour l&#039;excellent vin qu&#039;il produit que pour les cuisines indulgentes et uniques que l&#039;on trouve dans tout le pays. La belle r\u00e9gion bretonne, y compris Plouguerneau, n&#039;\u00e9chappe pas \u00e0 cette liste et propose une liste d\u00e9cadente de sp\u00e9cialit\u00e9s locales qui attirent les habitants et les touristes \u00e0 la recherche des go\u00fbts uniques de la r\u00e9gion. En fait, que vous ayez un palais gastronomique exp\u00e9riment\u00e9 ou que vous aimiez simplement essayer de nouvelles choses, go\u00fbter \u00e0 la cuisine bretonne fait partie de l&#039;exp\u00e9rience autant que de visiter le Louvre ou de photographier la Tour Eiffel. Si vous planifiez une visite en Bretagne, voici cinq aliments \u00e0 prendre en note et \u00e0 ajouter \u00e0 votre liste de produits \u00e0 essayer absolument.<\/p>\n<\/div>\n\t\t<\/div><\/div><\/div><div id=\"pg-1856-1\"  class=\"panel-grid panel-no-style\" ><div id=\"pgc-1856-1-0\"  class=\"panel-grid-cell\" ><div id=\"panel-1856-1-0-0\" class=\"so-panel widget widget_sow-image panel-first-child panel-last-child\" data-index=\"2\" ><div\n\t\t\t\n\t\t\tclass=\"so-widget-sow-image so-widget-sow-image-default-8b5b6f678277-1856\"\n\t\t\t\n\t\t>\n<div class=\"sow-image-container\">\n\t\t<img \n\tsrc=\"https:\/\/i0.wp.com\/giteenfinistere.com\/wp-content\/uploads\/2019\/09\/moules-mariniere.jpg?fit=650%2C488&amp;ssl=1\" width=\"650\" height=\"488\" srcset=\"https:\/\/i0.wp.com\/giteenfinistere.com\/wp-content\/uploads\/2019\/09\/moules-mariniere.jpg?w=650&amp;ssl=1 650w, https:\/\/i0.wp.com\/giteenfinistere.com\/wp-content\/uploads\/2019\/09\/moules-mariniere.jpg?resize=300%2C225&amp;ssl=1 300w\" alt=\"\" \t\tclass=\"so-widget-image\"\/>\n\t<\/div>\n\n<\/div><\/div><\/div><div id=\"pgc-1856-1-1\"  class=\"panel-grid-cell\" ><div id=\"panel-1856-1-1-0\" class=\"so-panel widget widget_sow-editor panel-first-child panel-last-child\" data-index=\"3\" ><div\n\t\t\t\n\t\t\tclass=\"so-widget-sow-editor so-widget-sow-editor-base\"\n\t\t\t\n\t\t>\n<div class=\"siteorigin-widget-tinymce textwidget\">\n\t<p><strong>Moules Marini\u00e8res<\/strong><\/p>\n<p>O\u00f9 que vous soyez en Bretagne, vous verrez des moules marini\u00e8res sur presque tous les menus du restaurant. Il est consid\u00e9r\u00e9 comme un plat abordable et constitue une d\u00e9licieuse option, que ce soit pour un d\u00e9jeuner l\u00e9ger ou un d\u00eener \u00e0 trois plats. Vous pouvez trouver des moules marini\u00e8res partout en France, mais les moules de Bretagne sont parmi les plus fra\u00eeches. Ingr\u00e9dients: moules, beurre, echalotes, vin blanc, persil, thym, laurier, sel et poivre.<\/p>\n<\/div>\n<\/div><\/div><\/div><\/div><div id=\"pg-1856-2\"  class=\"panel-grid panel-no-style\" ><div id=\"pgc-1856-2-0\"  class=\"panel-grid-cell\" ><div id=\"panel-1856-2-0-0\" class=\"so-panel widget widget_sow-image panel-first-child panel-last-child\" data-index=\"4\" ><div\n\t\t\t\n\t\t\tclass=\"so-widget-sow-image so-widget-sow-image-default-8b5b6f678277-1856\"\n\t\t\t\n\t\t>\n<div class=\"sow-image-container\">\n\t\t<img \n\tsrc=\"https:\/\/i0.wp.com\/giteenfinistere.com\/wp-content\/uploads\/2019\/09\/images.jpeg?fit=300%2C168&amp;ssl=1\" width=\"300\" height=\"168\" alt=\"\" \t\tclass=\"so-widget-image\"\/>\n\t<\/div>\n\n<\/div><\/div><\/div><div id=\"pgc-1856-2-1\"  class=\"panel-grid-cell\" ><div id=\"panel-1856-2-1-0\" class=\"so-panel widget widget_sow-editor panel-first-child panel-last-child\" data-index=\"5\" ><div\n\t\t\t\n\t\t\tclass=\"so-widget-sow-editor so-widget-sow-editor-base\"\n\t\t\t\n\t\t>\n<div class=\"siteorigin-widget-tinymce textwidget\">\n\t<p><strong>Kouign Amann<\/strong><\/p>\n<p>est d\u00e9crit dans le New York Times comme &quot;la p\u00e2tisserie la plus grasse de toute l&#039;Europe&quot;. Le nom vient des mots de la langue breton pour g\u00e2teau (kouign) et beurre (amann). Il s\u2019agit d\u2019un g\u00e2teau rond \u00e0 plusieurs couches, fabriqu\u00e9 \u00e0 l\u2019origine avec de la p\u00e2te \u00e0 pain (de nos jours parfois de la p\u00e2te \u00e0 la viennoiserie), contenant des couches de beurre et de sucre incorpor\u00e9es, semblable \u00e0 la p\u00e2te feuillet\u00e9e bien qu\u2019ayant moins de couches. Le g\u00e2teau est cuit lentement jusqu&#039;\u00e0 ce que le beurre gonfle la p\u00e2te (ce qui donne sa structure en couches) et que le sucre caram\u00e9lise.<\/p>\n<\/div>\n<\/div><\/div><\/div><\/div><div id=\"pg-1856-3\"  class=\"panel-grid panel-no-style\" ><div id=\"pgc-1856-3-0\"  class=\"panel-grid-cell\" ><div id=\"panel-1856-3-0-0\" class=\"so-panel widget widget_sow-image panel-first-child panel-last-child\" data-index=\"6\" ><div\n\t\t\t\n\t\t\tclass=\"so-widget-sow-image so-widget-sow-image-default-8b5b6f678277-1856\"\n\t\t\t\n\t\t>\n<div class=\"sow-image-container\">\n\t\t<img loading=\"lazy\" \n\tsrc=\"https:\/\/i0.wp.com\/giteenfinistere.com\/wp-content\/uploads\/2019\/09\/80427_w420h344c1cx1944cy2592cxt0cyt0cxb3888cyb5184.jpg?fit=420%2C344&amp;ssl=1\" width=\"420\" height=\"344\" srcset=\"https:\/\/i0.wp.com\/giteenfinistere.com\/wp-content\/uploads\/2019\/09\/80427_w420h344c1cx1944cy2592cxt0cyt0cxb3888cyb5184.jpg?w=420&amp;ssl=1 420w, https:\/\/i0.wp.com\/giteenfinistere.com\/wp-content\/uploads\/2019\/09\/80427_w420h344c1cx1944cy2592cxt0cyt0cxb3888cyb5184.jpg?resize=300%2C246&amp;ssl=1 300w\" alt=\"\" \t\tclass=\"so-widget-image\"\/>\n\t<\/div>\n\n<\/div><\/div><\/div><div id=\"pgc-1856-3-1\"  class=\"panel-grid-cell\" ><div id=\"panel-1856-3-1-0\" class=\"so-panel widget widget_sow-editor panel-first-child panel-last-child\" data-index=\"7\" ><div\n\t\t\t\n\t\t\tclass=\"so-widget-sow-editor so-widget-sow-editor-base\"\n\t\t\t\n\t\t>\n<div class=\"siteorigin-widget-tinymce textwidget\">\n\t<p><strong>Far Breton<\/strong><\/p>\n<p>est un g\u00e2teau ou un dessert traditionnel. Sa base est semblable en composition \u00e0 une p\u00e2te \u00e0 clafoutis: une cr\u00e8me p\u00e2tissi\u00e8re au lait et aux \u0153ufs, avec de la farine ajout\u00e9e. Les pruneaux ou les raisins secs sont des ajouts courants. Je sugg\u00e8re de faire tremper les fruits secs dans de l&#039;alcool; ce n&#039;est pas une pratique traditionnelle mais une variation int\u00e9ressante. Le breton tel que servi en Bretagne est souvent cuit pour donner un aspect beaucoup plus \u00abbr\u00fbl\u00e9\u00bb que ne le sugg\u00e8rent les recettes en ligne; la partie sup\u00e9rieure de la cr\u00e8me anglaise semble presque noircie plut\u00f4t que dor\u00e9e. C&#039;est d\u00e9licieux!<\/p>\n<\/div>\n<\/div><\/div><\/div><\/div><div id=\"pg-1856-4\"  class=\"panel-grid panel-no-style\" ><div id=\"pgc-1856-4-0\"  class=\"panel-grid-cell\" ><div id=\"panel-1856-4-0-0\" class=\"so-panel widget widget_sow-image panel-first-child panel-last-child\" data-index=\"8\" ><div\n\t\t\t\n\t\t\tclass=\"so-widget-sow-image so-widget-sow-image-default-8b5b6f678277-1856\"\n\t\t\t\n\t\t>\n<div class=\"sow-image-container\">\n\t\t<img loading=\"lazy\" \n\tsrc=\"https:\/\/i0.wp.com\/giteenfinistere.com\/wp-content\/uploads\/2019\/09\/galette-bretonne-640.jpg?fit=640%2C480&amp;ssl=1\" width=\"640\" height=\"480\" srcset=\"https:\/\/i0.wp.com\/giteenfinistere.com\/wp-content\/uploads\/2019\/09\/galette-bretonne-640.jpg?w=640&amp;ssl=1 640w, https:\/\/i0.wp.com\/giteenfinistere.com\/wp-content\/uploads\/2019\/09\/galette-bretonne-640.jpg?resize=300%2C225&amp;ssl=1 300w\" alt=\"\" \t\tclass=\"so-widget-image\"\/>\n\t<\/div>\n\n<\/div><\/div><\/div><div id=\"pgc-1856-4-1\"  class=\"panel-grid-cell\" ><div id=\"panel-1856-4-1-0\" class=\"so-panel widget widget_sow-editor panel-first-child panel-last-child\" data-index=\"9\" ><div\n\t\t\t\n\t\t\tclass=\"so-widget-sow-editor so-widget-sow-editor-base\"\n\t\t\t\n\t\t>\n<div class=\"siteorigin-widget-tinymce textwidget\">\n\t<p><strong>galette<\/strong><\/p>\n<p>Si vous demandez aux Bretons, ils ont invent\u00e9 les pancakes ou comme ils les appellent - les galettes. Et c&#039;est le fait qu&#039;ils ne sont pas pr\u00eats \u00e0 d\u00e9battre. Les cr\u00eapes sal\u00e9es sont de savoureux plats traditionnels \u00e0 base de farine de sarrasin. Ils sont consomm\u00e9s comme plat principal avec du jambon, du fromage ou des \u0153ufs. Ou pour ceux qui sont assez courageux, m\u00eame avec l&#039;andouillette, une saucisse \u00e0 grains grossiers faite avec des intestins de porc.<\/p>\n<\/div>\n<\/div><\/div><\/div><\/div><div id=\"pg-1856-5\"  class=\"panel-grid panel-no-style\" ><div id=\"pgc-1856-5-0\"  class=\"panel-grid-cell\" ><div id=\"panel-1856-5-0-0\" class=\"so-panel widget widget_sow-image panel-first-child panel-last-child\" data-index=\"10\" ><div\n\t\t\t\n\t\t\tclass=\"so-widget-sow-image so-widget-sow-image-default-8b5b6f678277-1856\"\n\t\t\t\n\t\t>\n<div class=\"sow-image-container\">\n\t\t<img loading=\"lazy\" \n\tsrc=\"https:\/\/i0.wp.com\/giteenfinistere.com\/wp-content\/uploads\/2019\/09\/Screenshot-2019-09-18-at-17.55.04.png?fit=910%2C672&amp;ssl=1\" width=\"910\" height=\"672\" srcset=\"https:\/\/i0.wp.com\/giteenfinistere.com\/wp-content\/uploads\/2019\/09\/Screenshot-2019-09-18-at-17.55.04.png?w=910&amp;ssl=1 910w, https:\/\/i0.wp.com\/giteenfinistere.com\/wp-content\/uploads\/2019\/09\/Screenshot-2019-09-18-at-17.55.04.png?resize=300%2C222&amp;ssl=1 300w, https:\/\/i0.wp.com\/giteenfinistere.com\/wp-content\/uploads\/2019\/09\/Screenshot-2019-09-18-at-17.55.04.png?resize=768%2C567&amp;ssl=1 768w, https:\/\/i0.wp.com\/giteenfinistere.com\/wp-content\/uploads\/2019\/09\/Screenshot-2019-09-18-at-17.55.04.png?resize=690%2C510&amp;ssl=1 690w, https:\/\/i0.wp.com\/giteenfinistere.com\/wp-content\/uploads\/2019\/09\/Screenshot-2019-09-18-at-17.55.04.png?resize=800%2C591&amp;ssl=1 800w\" title=\"Capture d&#039;\u00e9cran 2019-09-18 \u00e0 17h55.04\" alt=\"\" \t\tclass=\"so-widget-image\"\/>\n\t<\/div>\n\n<\/div><\/div><\/div><div id=\"pgc-1856-5-1\"  class=\"panel-grid-cell\" ><div id=\"panel-1856-5-1-0\" class=\"so-panel widget widget_sow-editor panel-first-child panel-last-child\" data-index=\"11\" ><div\n\t\t\t\n\t\t\tclass=\"so-widget-sow-editor so-widget-sow-editor-base\"\n\t\t\t\n\t\t>\n<div class=\"siteorigin-widget-tinymce textwidget\">\n\t<p><strong>Cotriade<\/strong><\/p>\n<p>La Cotriade est un d\u00e9riv\u00e9 du nom breton \u00abkaoteriad\u00bb qui d\u00e9signe la part de la capture restitu\u00e9e par le marin et le contenu du \u00abkaoter\u00bb (chaudron). La Cotriade est le plat c\u00f4tier pr\u00e9par\u00e9 par la famille sur le quai ou \u00e0 l&#039;arri\u00e8re du bateau, ou m\u00eame sur le pont par des \u00e9quipages en mer. Il s&#039;utilise de la m\u00eame mani\u00e8re que la bouillabaisse, c&#039;est-\u00e0-dire en buvant d&#039;abord le bouillon puis en d\u00e9gustant les diff\u00e9rents poissons. Ce plat est servi avec des pommes de terre cuites \u00e0 l&#039;eau, surmont\u00e9es d&#039;un filet d&#039;huile et de vinaigre.<\/p>\n<\/div>\n<\/div><\/div><\/div><\/div><\/div>","protected":false},"excerpt":{"rendered":"<p>Au fil des si\u00e8cles, la France s&#039;est fait conna\u00eetre tant pour l&#039;excellent vin qu&#039;il produit que pour les cuisines indulgentes et uniques que l&#039;on trouve dans tout le pays. La belle r\u00e9gion bretonne, y compris Plouguerneau, ne d\u00e9roge pas \u00e0 cette r\u00e8gle en proposant une liste d\u00e9cadente de sp\u00e9cialit\u00e9s locales qui incitent les habitants et les touristes \u00e0 se r\u00e9galer de\u2026<\/p>\n<a class=\"read-more-link\" href=\" https:\/\/giteenfinistere.com\/fr\/local-cuisine-new\/ \">Lire plus<\/a>","protected":false},"author":1,"featured_media":616,"parent":0,"menu_order":0,"comment_status":"closed","ping_status":"closed","template":"","meta":{"_coblocks_attr":"","_coblocks_dimensions":"","_coblocks_responsive_height":"","_coblocks_accordion_ie_support":"","_eb_attr":"","_crdt_document":"","footnotes":""},"class_list":["post-1856","page","type-page","status-publish","has-post-thumbnail","hentry","col-lg-4 col-sm-6"],"yoast_head":"<!-- This site is optimized with the Yoast SEO plugin v27.4 - https:\/\/yoast.com\/product\/yoast-seo-wordpress\/ -->\n<title>LOCAL CUISINE -<\/title>\n<meta name=\"robots\" content=\"index, follow, max-snippet:-1, max-image-preview:large, max-video-preview:-1\" \/>\n<link rel=\"canonical\" href=\"https:\/\/giteenfinistere.com\/fr\/local-cuisine-new\/\" \/>\n<meta property=\"og:locale\" content=\"fr_FR\" \/>\n<meta property=\"og:type\" content=\"article\" \/>\n<meta property=\"og:title\" content=\"LOCAL CUISINE -\" \/>\n<meta property=\"og:description\" content=\"Over the centuries, France has become known both for the exquisite fine wine produced there and the indulgent and unique cuisines found throughout the country. The beautiful region of Brittany including Plouguerneau is no exception to this, boasting a decadent list of local delicacies that draw residents and tourists alike to delight in the unique\u2026\" \/>\n<meta property=\"og:url\" content=\"https:\/\/giteenfinistere.com\/fr\/local-cuisine-new\/\" \/>\n<meta property=\"article:modified_time\" content=\"2019-09-18T16:04:43+00:00\" \/>\n<meta property=\"og:image\" content=\"https:\/\/i0.wp.com\/giteenfinistere.com\/wp-content\/uploads\/2018\/09\/screenshot-2018-02-25-18-30-02.png?fit=814%2C308&ssl=1\" \/>\n\t<meta property=\"og:image:width\" content=\"814\" \/>\n\t<meta property=\"og:image:height\" content=\"308\" \/>\n\t<meta property=\"og:image:type\" content=\"image\/png\" \/>\n<meta name=\"twitter:card\" content=\"summary_large_image\" \/>\n<meta name=\"twitter:label1\" content=\"Dur\u00e9e de lecture estim\u00e9e\" \/>\n\t<meta name=\"twitter:data1\" content=\"3 minutes\" \/>\n<script type=\"application\/ld+json\" class=\"yoast-schema-graph\">{\"@context\":\"https:\\\/\\\/schema.org\",\"@graph\":[{\"@type\":\"WebPage\",\"@id\":\"https:\\\/\\\/giteenfinistere.com\\\/local-cuisine-new\\\/\",\"url\":\"https:\\\/\\\/giteenfinistere.com\\\/local-cuisine-new\\\/\",\"name\":\"LOCAL CUISINE -\",\"isPartOf\":{\"@id\":\"https:\\\/\\\/giteenfinistere.com\\\/#website\"},\"primaryImageOfPage\":{\"@id\":\"https:\\\/\\\/giteenfinistere.com\\\/local-cuisine-new\\\/#primaryimage\"},\"image\":{\"@id\":\"https:\\\/\\\/giteenfinistere.com\\\/local-cuisine-new\\\/#primaryimage\"},\"thumbnailUrl\":\"https:\\\/\\\/i0.wp.com\\\/giteenfinistere.com\\\/wp-content\\\/uploads\\\/2018\\\/09\\\/screenshot-2018-02-25-18-30-02.png?fit=814%2C308&ssl=1\",\"datePublished\":\"2019-09-18T16:00:23+00:00\",\"dateModified\":\"2019-09-18T16:04:43+00:00\",\"breadcrumb\":{\"@id\":\"https:\\\/\\\/giteenfinistere.com\\\/local-cuisine-new\\\/#breadcrumb\"},\"inLanguage\":\"fr-FR\",\"potentialAction\":[{\"@type\":\"ReadAction\",\"target\":[\"https:\\\/\\\/giteenfinistere.com\\\/local-cuisine-new\\\/\"]}]},{\"@type\":\"ImageObject\",\"inLanguage\":\"fr-FR\",\"@id\":\"https:\\\/\\\/giteenfinistere.com\\\/local-cuisine-new\\\/#primaryimage\",\"url\":\"https:\\\/\\\/i0.wp.com\\\/giteenfinistere.com\\\/wp-content\\\/uploads\\\/2018\\\/09\\\/screenshot-2018-02-25-18-30-02.png?fit=814%2C308&ssl=1\",\"contentUrl\":\"https:\\\/\\\/i0.wp.com\\\/giteenfinistere.com\\\/wp-content\\\/uploads\\\/2018\\\/09\\\/screenshot-2018-02-25-18-30-02.png?fit=814%2C308&ssl=1\",\"width\":\"814\",\"height\":\"308\",\"caption\":\"LOCAL CUISINE\"},{\"@type\":\"BreadcrumbList\",\"@id\":\"https:\\\/\\\/giteenfinistere.com\\\/local-cuisine-new\\\/#breadcrumb\",\"itemListElement\":[{\"@type\":\"ListItem\",\"position\":1,\"name\":\"Home\",\"item\":\"https:\\\/\\\/giteenfinistere.com\\\/\"},{\"@type\":\"ListItem\",\"position\":2,\"name\":\"LOCAL CUISINE\"}]},{\"@type\":\"WebSite\",\"@id\":\"https:\\\/\\\/giteenfinistere.com\\\/#website\",\"url\":\"https:\\\/\\\/giteenfinistere.com\\\/\",\"name\":\"\",\"description\":\"\",\"publisher\":{\"@id\":\"https:\\\/\\\/giteenfinistere.com\\\/#organization\"},\"potentialAction\":[{\"@type\":\"SearchAction\",\"target\":{\"@type\":\"EntryPoint\",\"urlTemplate\":\"https:\\\/\\\/giteenfinistere.com\\\/?s={search_term_string}\"},\"query-input\":{\"@type\":\"PropertyValueSpecification\",\"valueRequired\":true,\"valueName\":\"search_term_string\"}}],\"inLanguage\":\"fr-FR\"},{\"@type\":\"Organization\",\"@id\":\"https:\\\/\\\/giteenfinistere.com\\\/#organization\",\"name\":\"Sandpiper Cottage by the Sea\",\"url\":\"https:\\\/\\\/giteenfinistere.com\\\/\",\"logo\":{\"@type\":\"ImageObject\",\"inLanguage\":\"fr-FR\",\"@id\":\"https:\\\/\\\/giteenfinistere.com\\\/#\\\/schema\\\/logo\\\/image\\\/\",\"url\":\"https:\\\/\\\/i1.wp.com\\\/giteenfinistere.com\\\/wp-content\\\/uploads\\\/2018\\\/10\\\/logo4.png?fit=485%2C85&ssl=1\",\"contentUrl\":\"https:\\\/\\\/i1.wp.com\\\/giteenfinistere.com\\\/wp-content\\\/uploads\\\/2018\\\/10\\\/logo4.png?fit=485%2C85&ssl=1\",\"width\":485,\"height\":85,\"caption\":\"Sandpiper Cottage by the Sea\"},\"image\":{\"@id\":\"https:\\\/\\\/giteenfinistere.com\\\/#\\\/schema\\\/logo\\\/image\\\/\"}}]}<\/script>\n<!-- \/ Yoast SEO plugin. -->","yoast_head_json":{"title":"CUISINE LOCALE -","robots":{"index":"index","follow":"follow","max-snippet":"max-snippet:-1","max-image-preview":"max-image-preview:large","max-video-preview":"max-video-preview:-1"},"canonical":"https:\/\/giteenfinistere.com\/fr\/local-cuisine-new\/","og_locale":"fr_FR","og_type":"article","og_title":"LOCAL CUISINE -","og_description":"Over the centuries, France has become known both for the exquisite fine wine produced there and the indulgent and unique cuisines found throughout the country. The beautiful region of Brittany including Plouguerneau is no exception to this, boasting a decadent list of local delicacies that draw residents and tourists alike to delight in the unique\u2026","og_url":"https:\/\/giteenfinistere.com\/fr\/local-cuisine-new\/","article_modified_time":"2019-09-18T16:04:43+00:00","og_image":[{"width":814,"height":308,"url":"https:\/\/i0.wp.com\/giteenfinistere.com\/wp-content\/uploads\/2018\/09\/screenshot-2018-02-25-18-30-02.png?fit=814%2C308&ssl=1","type":"image\/png"}],"twitter_card":"summary_large_image","twitter_misc":{"Dur\u00e9e de lecture estim\u00e9e":"3 minutes"},"schema":{"@context":"https:\/\/schema.org","@graph":[{"@type":"WebPage","@id":"https:\/\/giteenfinistere.com\/local-cuisine-new\/","url":"https:\/\/giteenfinistere.com\/local-cuisine-new\/","name":"CUISINE LOCALE -","isPartOf":{"@id":"https:\/\/giteenfinistere.com\/#website"},"primaryImageOfPage":{"@id":"https:\/\/giteenfinistere.com\/local-cuisine-new\/#primaryimage"},"image":{"@id":"https:\/\/giteenfinistere.com\/local-cuisine-new\/#primaryimage"},"thumbnailUrl":"https:\/\/i0.wp.com\/giteenfinistere.com\/wp-content\/uploads\/2018\/09\/screenshot-2018-02-25-18-30-02.png?fit=814%2C308&ssl=1","datePublished":"2019-09-18T16:00:23+00:00","dateModified":"2019-09-18T16:04:43+00:00","breadcrumb":{"@id":"https:\/\/giteenfinistere.com\/local-cuisine-new\/#breadcrumb"},"inLanguage":"fr-FR","potentialAction":[{"@type":"ReadAction","target":["https:\/\/giteenfinistere.com\/local-cuisine-new\/"]}]},{"@type":"ImageObject","inLanguage":"fr-FR","@id":"https:\/\/giteenfinistere.com\/local-cuisine-new\/#primaryimage","url":"https:\/\/i0.wp.com\/giteenfinistere.com\/wp-content\/uploads\/2018\/09\/screenshot-2018-02-25-18-30-02.png?fit=814%2C308&ssl=1","contentUrl":"https:\/\/i0.wp.com\/giteenfinistere.com\/wp-content\/uploads\/2018\/09\/screenshot-2018-02-25-18-30-02.png?fit=814%2C308&ssl=1","width":"814","height":"308","caption":"LOCAL CUISINE"},{"@type":"BreadcrumbList","@id":"https:\/\/giteenfinistere.com\/local-cuisine-new\/#breadcrumb","itemListElement":[{"@type":"ListItem","position":1,"name":"Home","item":"https:\/\/giteenfinistere.com\/"},{"@type":"ListItem","position":2,"name":"LOCAL CUISINE"}]},{"@type":"WebSite","@id":"https:\/\/giteenfinistere.com\/#website","url":"https:\/\/giteenfinistere.com\/","name":"","description":"","publisher":{"@id":"https:\/\/giteenfinistere.com\/#organization"},"potentialAction":[{"@type":"SearchAction","target":{"@type":"EntryPoint","urlTemplate":"https:\/\/giteenfinistere.com\/?s={search_term_string}"},"query-input":{"@type":"PropertyValueSpecification","valueRequired":true,"valueName":"search_term_string"}}],"inLanguage":"fr-FR"},{"@type":"Organization","@id":"https:\/\/giteenfinistere.com\/#organization","name":"Sandpiper Cottage by the Sea","url":"https:\/\/giteenfinistere.com\/","logo":{"@type":"ImageObject","inLanguage":"fr-FR","@id":"https:\/\/giteenfinistere.com\/#\/schema\/logo\/image\/","url":"https:\/\/i1.wp.com\/giteenfinistere.com\/wp-content\/uploads\/2018\/10\/logo4.png?fit=485%2C85&ssl=1","contentUrl":"https:\/\/i1.wp.com\/giteenfinistere.com\/wp-content\/uploads\/2018\/10\/logo4.png?fit=485%2C85&ssl=1","width":485,"height":85,"caption":"Sandpiper Cottage by the Sea"},"image":{"@id":"https:\/\/giteenfinistere.com\/#\/schema\/logo\/image\/"}}]}},"jetpack_sharing_enabled":true,"jetpack_shortlink":"https:\/\/wp.me\/P9GoUt-tW","jetpack_likes_enabled":true,"_links":{"self":[{"href":"https:\/\/giteenfinistere.com\/fr\/wp-json\/wp\/v2\/pages\/1856","targetHints":{"allow":["GET"]}}],"collection":[{"href":"https:\/\/giteenfinistere.com\/fr\/wp-json\/wp\/v2\/pages"}],"about":[{"href":"https:\/\/giteenfinistere.com\/fr\/wp-json\/wp\/v2\/types\/page"}],"author":[{"embeddable":true,"href":"https:\/\/giteenfinistere.com\/fr\/wp-json\/wp\/v2\/users\/1"}],"replies":[{"embeddable":true,"href":"https:\/\/giteenfinistere.com\/fr\/wp-json\/wp\/v2\/comments?post=1856"}],"version-history":[{"count":81,"href":"https:\/\/giteenfinistere.com\/fr\/wp-json\/wp\/v2\/pages\/1856\/revisions"}],"predecessor-version":[{"id":1949,"href":"https:\/\/giteenfinistere.com\/fr\/wp-json\/wp\/v2\/pages\/1856\/revisions\/1949"}],"wp:featuredmedia":[{"embeddable":true,"href":"https:\/\/giteenfinistere.com\/fr\/wp-json\/wp\/v2\/media\/616"}],"wp:attachment":[{"href":"https:\/\/giteenfinistere.com\/fr\/wp-json\/wp\/v2\/media?parent=1856"}],"curies":[{"name":"wp","href":"https:\/\/api.w.org\/{rel}","templated":true}]}}